{"id":2539,"date":"2015-05-26T13:03:18","date_gmt":"2015-05-26T13:03:18","guid":{"rendered":"http:\/\/radiosolution.info\/wp\/fr\/?page_id=2539"},"modified":"2015-05-26T13:03:42","modified_gmt":"2015-05-26T13:03:42","slug":"video-whmsonic","status":"publish","type":"page","link":"http:\/\/radiosolution.info\/wp\/fr\/video-whmsonic\/","title":{"rendered":"Video WHMSONIC"},"content":{"rendered":"<p>Sur cette page, il y a des tutoriels sur WHMSONIC. Ces tutoriels sont destin\u00e9es au d\u00e9butant comme au expert.<br \/>\ntoute es bien expliqu\u00e9 et chaque vid\u00e9o pr\u00e9sente une \u00e9tapes crucial dans la mise en place de votre service.<br \/>\nSi tout de m\u00eame vous avez des question et vous voulez une approche plus personnalis\u00e9 , n&rsquo;h\u00e9sitez pas \u00e0 nous contacter ou \u00e0 venir sur le chat en ligne ! un repr\u00e9sentant se fera un plaisir de vous aidez.<\/p>\n<hr>\n<p>Pour commenc\u00e9 une petite vid\u00e9o expliquant, quoi faire quand vous venez de recevoir votre courriel de confirmation de votre service WHMSONIC.<br \/>\n<iframe loading=\"lazy\" title=\"Tutoriel de base sur WHMSONIC ; Ep 1 - AutoDJ et Playlist\" width=\"640\" height=\"360\" src=\"https:\/\/www.youtube.com\/embed\/GQzLA8TvasQ?feature=oembed\" frameborder=\"0\" allow=\"accelerometer; autoplay; clipboard-write; encrypted-media; gyroscope; picture-in-picture; web-share\" referrerpolicy=\"strict-origin-when-cross-origin\" allowfullscreen><\/iframe><\/p>\n<hr>\n","protected":false},"excerpt":{"rendered":"<p>Sur cette page, il y a des tutoriels sur WHMSONIC. Ces tutoriels sont destin\u00e9es au d\u00e9butant comme au expert. toute es bien expliqu\u00e9 et chaque vid\u00e9o pr\u00e9sente une \u00e9tapes crucial dans la mise en place de votre service. Si tout de m\u00eame vous avez des question et vous voulez une approche plus personnalis\u00e9 , n&rsquo;h\u00e9sitez [&hellip;]<\/p>\n","protected":false},"author":5,"featured_media":0,"parent":0,"menu_order":0,"comment_status":"closed","ping_status":"open","template":"","meta":{"_exactmetrics_skip_tracking":false,"_exactmetrics_sitenote_active":false,"_exactmetrics_sitenote_note":"","_exactmetrics_sitenote_category":0,"_monsterinsights_skip_tracking":false,"_monsterinsights_sitenote_active":false,"_monsterinsights_sitenote_note":"","_monsterinsights_sitenote_category":0,"footnotes":""},"class_list":["post-2539","page","type-page","status-publish","hentry"],"yoast_head":"<!-- This site is optimized with the Yoast SEO plugin v25.4 - https:\/\/yoast.com\/wordpress\/plugins\/seo\/ -->\n<title>Video WHMSONIC - Votre radio internet<\/title>\n<meta name=\"robots\" content=\"index, follow, max-snippet:-1, max-image-preview:large, max-video-preview:-1\" \/>\n<link rel=\"canonical\" href=\"http:\/\/radiosolution.info\/wp\/fr\/video-whmsonic\/\" \/>\n<meta property=\"og:locale\" content=\"fr_FR\" \/>\n<meta property=\"og:type\" content=\"article\" \/>\n<meta property=\"og:title\" content=\"Video WHMSONIC - Votre radio internet\" \/>\n<meta property=\"og:description\" content=\"Sur cette page, il y a des tutoriels sur WHMSONIC. Ces tutoriels sont destin\u00e9es au d\u00e9butant comme au expert. toute es bien expliqu\u00e9 et chaque vid\u00e9o pr\u00e9sente une \u00e9tapes crucial dans la mise en place de votre service. Si tout de m\u00eame vous avez des question et vous voulez une approche plus personnalis\u00e9 , n&rsquo;h\u00e9sitez [&hellip;]\" \/>\n<meta property=\"og:url\" content=\"http:\/\/radiosolution.info\/wp\/fr\/video-whmsonic\/\" \/>\n<meta property=\"og:site_name\" content=\"Votre radio internet\" \/>\n<meta property=\"article:modified_time\" content=\"2015-05-26T13:03:42+00:00\" \/>\n<meta name=\"twitter:label1\" content=\"Dur\u00e9e de lecture estim\u00e9e\" \/>\n\t<meta name=\"twitter:data1\" content=\"1 minute\" \/>\n<script type=\"application\/ld+json\" class=\"yoast-schema-graph\">{\"@context\":\"https:\/\/schema.org\",\"@graph\":[{\"@type\":\"WebPage\",\"@id\":\"http:\/\/radiosolution.info\/wp\/fr\/video-whmsonic\/\",\"url\":\"http:\/\/radiosolution.info\/wp\/fr\/video-whmsonic\/\",\"name\":\"Video WHMSONIC - Votre radio internet\",\"isPartOf\":{\"@id\":\"http:\/\/radiosolution.info\/wp\/fr\/#website\"},\"datePublished\":\"2015-05-26T13:03:18+00:00\",\"dateModified\":\"2015-05-26T13:03:42+00:00\",\"breadcrumb\":{\"@id\":\"http:\/\/radiosolution.info\/wp\/fr\/video-whmsonic\/#breadcrumb\"},\"inLanguage\":\"fr-FR\",\"potentialAction\":[{\"@type\":\"ReadAction\",\"target\":[\"http:\/\/radiosolution.info\/wp\/fr\/video-whmsonic\/\"]}]},{\"@type\":\"BreadcrumbList\",\"@id\":\"http:\/\/radiosolution.info\/wp\/fr\/video-whmsonic\/#breadcrumb\",\"itemListElement\":[{\"@type\":\"ListItem\",\"position\":1,\"name\":\"Home\",\"item\":\"http:\/\/radiosolution.info\/wp\/fr\/\"},{\"@type\":\"ListItem\",\"position\":2,\"name\":\"Video WHMSONIC\"}]},{\"@type\":\"WebSite\",\"@id\":\"http:\/\/radiosolution.info\/wp\/fr\/#website\",\"url\":\"http:\/\/radiosolution.info\/wp\/fr\/\",\"name\":\"Votre radio internet\",\"description\":\"solutions pour les stations de radio en ligne, la musique et le streaming vid\u00e9o, la production audio, l&#039;h\u00e9bergement web et la conception de site web\",\"potentialAction\":[{\"@type\":\"SearchAction\",\"target\":{\"@type\":\"EntryPoint\",\"urlTemplate\":\"http:\/\/radiosolution.info\/wp\/fr\/?s={search_term_string}\"},\"query-input\":{\"@type\":\"PropertyValueSpecification\",\"valueRequired\":true,\"valueName\":\"search_term_string\"}}],\"inLanguage\":\"fr-FR\"}]}<\/script>\n<!-- \/ Yoast SEO plugin. -->","yoast_head_json":{"title":"Video WHMSONIC - Votre radio internet","robots":{"index":"index","follow":"follow","max-snippet":"max-snippet:-1","max-image-preview":"max-image-preview:large","max-video-preview":"max-video-preview:-1"},"canonical":"http:\/\/radiosolution.info\/wp\/fr\/video-whmsonic\/","og_locale":"fr_FR","og_type":"article","og_title":"Video WHMSONIC - Votre radio internet","og_description":"Sur cette page, il y a des tutoriels sur WHMSONIC. Ces tutoriels sont destin\u00e9es au d\u00e9butant comme au expert. toute es bien expliqu\u00e9 et chaque vid\u00e9o pr\u00e9sente une \u00e9tapes crucial dans la mise en place de votre service. Si tout de m\u00eame vous avez des question et vous voulez une approche plus personnalis\u00e9 , n&rsquo;h\u00e9sitez [&hellip;]","og_url":"http:\/\/radiosolution.info\/wp\/fr\/video-whmsonic\/","og_site_name":"Votre radio internet","article_modified_time":"2015-05-26T13:03:42+00:00","twitter_misc":{"Dur\u00e9e de lecture estim\u00e9e":"1 minute"},"schema":{"@context":"https:\/\/schema.org","@graph":[{"@type":"WebPage","@id":"http:\/\/radiosolution.info\/wp\/fr\/video-whmsonic\/","url":"http:\/\/radiosolution.info\/wp\/fr\/video-whmsonic\/","name":"Video WHMSONIC - Votre radio internet","isPartOf":{"@id":"http:\/\/radiosolution.info\/wp\/fr\/#website"},"datePublished":"2015-05-26T13:03:18+00:00","dateModified":"2015-05-26T13:03:42+00:00","breadcrumb":{"@id":"http:\/\/radiosolution.info\/wp\/fr\/video-whmsonic\/#breadcrumb"},"inLanguage":"fr-FR","potentialAction":[{"@type":"ReadAction","target":["http:\/\/radiosolution.info\/wp\/fr\/video-whmsonic\/"]}]},{"@type":"BreadcrumbList","@id":"http:\/\/radiosolution.info\/wp\/fr\/video-whmsonic\/#breadcrumb","itemListElement":[{"@type":"ListItem","position":1,"name":"Home","item":"http:\/\/radiosolution.info\/wp\/fr\/"},{"@type":"ListItem","position":2,"name":"Video WHMSONIC"}]},{"@type":"WebSite","@id":"http:\/\/radiosolution.info\/wp\/fr\/#website","url":"http:\/\/radiosolution.info\/wp\/fr\/","name":"Votre radio internet","description":"solutions pour les stations de radio en ligne, la musique et le streaming vid\u00e9o, la production audio, l&#039;h\u00e9bergement web et la conception de site web","potentialAction":[{"@type":"SearchAction","target":{"@type":"EntryPoint","urlTemplate":"http:\/\/radiosolution.info\/wp\/fr\/?s={search_term_string}"},"query-input":{"@type":"PropertyValueSpecification","valueRequired":true,"valueName":"search_term_string"}}],"inLanguage":"fr-FR"}]}},"_links":{"self":[{"href":"http:\/\/radiosolution.info\/wp\/fr\/wp-json\/wp\/v2\/pages\/2539","targetHints":{"allow":["GET"]}}],"collection":[{"href":"http:\/\/radiosolution.info\/wp\/fr\/wp-json\/wp\/v2\/pages"}],"about":[{"href":"http:\/\/radiosolution.info\/wp\/fr\/wp-json\/wp\/v2\/types\/page"}],"author":[{"embeddable":true,"href":"http:\/\/radiosolution.info\/wp\/fr\/wp-json\/wp\/v2\/users\/5"}],"replies":[{"embeddable":true,"href":"http:\/\/radiosolution.info\/wp\/fr\/wp-json\/wp\/v2\/comments?post=2539"}],"version-history":[{"count":1,"href":"http:\/\/radiosolution.info\/wp\/fr\/wp-json\/wp\/v2\/pages\/2539\/revisions"}],"predecessor-version":[{"id":2540,"href":"http:\/\/radiosolution.info\/wp\/fr\/wp-json\/wp\/v2\/pages\/2539\/revisions\/2540"}],"wp:attachment":[{"href":"http:\/\/radiosolution.info\/wp\/fr\/wp-json\/wp\/v2\/media?parent=2539"}],"curies":[{"name":"wp","href":"https:\/\/api.w.org\/{rel}","templated":true}]}}