{"id":2569,"date":"2018-12-02T00:06:08","date_gmt":"2018-12-02T00:06:08","guid":{"rendered":"http:\/\/radiosolution.info\/wp\/fr\/?page_id=2569"},"modified":"2018-12-02T00:39:08","modified_gmt":"2018-12-02T00:39:08","slug":"application-mobile-radio","status":"publish","type":"page","link":"https:\/\/radiosolution.info\/wp\/fr\/application-mobile-radio\/","title":{"rendered":"Application mobile radio"},"content":{"rendered":"<h2>Application Radio<\/h2>\n<div id=\"attachment_2571\" style=\"width: 310px\" class=\"wp-caption alignleft\"><img loading=\"lazy\" decoding=\"async\" aria-describedby=\"caption-attachment-2571\" class=\"size-medium wp-image-2571\" src=\"http:\/\/radiosolution.info\/wp\/fr\/wp-content\/uploads\/sites\/4\/2018\/12\/AdobeStock_75805560-300x227.jpeg\" alt=\"application radio\" width=\"300\" height=\"227\" srcset=\"https:\/\/radiosolution.info\/wp\/fr\/wp-content\/uploads\/sites\/4\/2018\/12\/AdobeStock_75805560-300x227.jpeg 300w, https:\/\/radiosolution.info\/wp\/fr\/wp-content\/uploads\/sites\/4\/2018\/12\/AdobeStock_75805560-768x581.jpeg 768w, https:\/\/radiosolution.info\/wp\/fr\/wp-content\/uploads\/sites\/4\/2018\/12\/AdobeStock_75805560-1024x774.jpeg 1024w\" sizes=\"auto, (max-width: 300px) 100vw, 300px\" \/><p id=\"caption-attachment-2571\" class=\"wp-caption-text\">Une application t\u00e9l\u00e9phone radio intelligent avec Radiosolution<\/p><\/div>\n<p>Radiosolution.info est fier d&rsquo;annoncer notre nouveau constructeur web d&rsquo;application mobile radio. Nous avons trouv\u00e9 une solution qui simplifie plus que jamais l\u2019application pour iPhone et Android. Les propri\u00e9taires de stations de radio seront satisfaits du processus en trois \u00e9tapes de la cr\u00e9ation de l&rsquo;application.<\/p>\n<p>Chaque station de radio a besoin d&rsquo;une application mobile et on s&rsquo;en rend compte ! Cependant, trouver une solution simple et abordable fonctionnant \u00e0 la fois avec iPhone (Apple) et Android (Play Store) n\u2019a pas \u00e9t\u00e9 simple. Il y a aussi des co\u00fbts \u00e0 assumer pour \u00eatre d\u00e9veloppeur avec Apple et Android. Notre solution de constructeur d&rsquo;applications vous permettra de distribuer votre application sur Play Store et App Store. Nous pouvons m\u00eame offrir notre constructeur application mobile aux clients qui ont leur flux avec un autre fournisseur. Convertissez plus d&rsquo;audience et obtenez plus d&rsquo;auditeurs avec notre constructeur d&rsquo;applications pour la radio.<\/p>\n<h2>Comment faire une application mobile station radio<\/h2>\n<ol>\n<li>S\u00e9lectionnez une disposition unique pour votre radio et personnalisez-la \u00e0 votre go\u00fbt<\/li>\n<li>Ajoutez des fonctionnalit\u00e9s comme un \u00e9v\u00e9nement, une galerie de photos, SoundCloud, des listes de lecture, le nom de l&rsquo;artiste et la chanson.<\/li>\n<li>Publiez votre application sur Play Store et App Store et faites la promotion de votre station aupr\u00e8s du monde entier.Les DJs, les RJs, les musiciens, les night-clubs, les pr\u00e9dicateurs, les motivateurs, etc. peuvent cr\u00e9er une application mobile. Si vous utilisez SHOUTcast, Icecast ou Wowza, vous pouvez utiliser notre constructeur d&rsquo;applications. M\u00eame si vous n&rsquo;\u00eates pas un client Radiosolution, vous pouvez toujours utiliser notre g\u00e9n\u00e9rateur d&rsquo;applications. Contactez-nous pour plus de d\u00e9tails ou <a href=\"http:\/\/radiosolution.myapparea.com\/cms\/\">inscrivez-vous ici.<\/a><strong>Voici certaines des fonctionnalit\u00e9s que nous prenons en charge :<\/strong><\/li>\n<\/ol>\n<ul>\n<li>Prend en charge le fichier de liste de lecture SHOUTcast (.pls) ou le fichier de liste de lecture Icecast (.m3u).<\/li>\n<li>Prend en charge plusieurs flux \u00e0 savoir. AAC, AAC +, HE-AAC +<\/li>\n<li>Affiche le nom de l&rsquo;artiste et du chanson<\/li>\n<li>La radio fonctionne comme un service d&rsquo;arri\u00e8re-plan<\/li>\n<li>Prend en charge SoundCloud, Dj virtuel, Wowza, Dj auto et plus.<\/li>\n<li>Offre des salons de discussion bas\u00e9s sur diff\u00e9rents genres musicaux avec Firebase<\/li>\n<li>Offre l&rsquo;int\u00e9gration du calendrier des \u00e9v\u00e9nements avec Google<\/li>\n<li>Offre une int\u00e9gration de la galerie de photos avec Picasa, Flickr, Instagram, etc.<img decoding=\"async\" src=\"https:\/\/radiosolution.info\/wp\/wp-content\/uploads\/2018\/11\/Radio-Station-APP-Builder-1024x590.jpg\" \/>Si vous \u00eates un client actuel, veuillez nous contacter afin que nous puissions vous donner une proposition personnalis\u00e9e combin\u00e9e \u00e0 votre forfait actuel.<\/li>\n<\/ul>\n<p>1-<a href=\"https:\/\/tawk.to\/chat\/598eeb9b1b1bed47ceb043d9\/default\/?$_tawk_popout=true\" target=\"_blank\" rel=\"noopener\">Clavarder en ligne<\/a><br \/>\n2-<a href=\"https:\/\/radiosolution.info\/wp\/contact\/\" target=\"_blank\" rel=\"noopener\">Contactez-nous<\/a><\/p>\n<a class=\"inbound-button inbound-track-link\" href=\"http:\/\/radiosolution.myapparea.com\/cms\/\" target='_self' style=\"background-color: #ff8000; color: #ffffff; font-size:20px;\"><i class=\"fa- font-awesome fa\"><\/i>Inscrivez-vous avec App Builder<\/a>\n","protected":false},"excerpt":{"rendered":"<p>Application Radio Radiosolution.info est fier d&rsquo;annoncer notre nouveau constructeur web d&rsquo;application mobile radio. Nous avons trouv\u00e9 une solution qui simplifie plus que jamais l\u2019application pour iPhone et Android. Les propri\u00e9taires de stations de radio seront satisfaits du processus en trois \u00e9tapes de la cr\u00e9ation de l&rsquo;application. Chaque station de radio a besoin d&rsquo;une application mobile [&hellip;]<\/p>\n","protected":false},"author":2,"featured_media":0,"parent":0,"menu_order":0,"comment_status":"closed","ping_status":"closed","template":"","meta":{"_exactmetrics_skip_tracking":false,"_exactmetrics_sitenote_active":false,"_exactmetrics_sitenote_note":"","_exactmetrics_sitenote_category":0,"_monsterinsights_skip_tracking":false,"_monsterinsights_sitenote_active":false,"_monsterinsights_sitenote_note":"","_monsterinsights_sitenote_category":0,"footnotes":""},"class_list":["post-2569","page","type-page","status-publish","hentry"],"yoast_head":"<!-- This site is optimized with the Yoast SEO plugin v25.4 - https:\/\/yoast.com\/wordpress\/plugins\/seo\/ -->\n<title>Application mobile radio - Votre radio internet<\/title>\n<meta name=\"robots\" content=\"index, follow, max-snippet:-1, max-image-preview:large, max-video-preview:-1\" \/>\n<link rel=\"canonical\" href=\"https:\/\/radiosolution.info\/wp\/fr\/application-mobile-radio\/\" \/>\n<meta property=\"og:locale\" content=\"fr_FR\" \/>\n<meta property=\"og:type\" content=\"article\" \/>\n<meta property=\"og:title\" content=\"Application mobile radio - Votre radio internet\" \/>\n<meta property=\"og:description\" content=\"Application Radio Radiosolution.info est fier d&rsquo;annoncer notre nouveau constructeur web d&rsquo;application mobile radio. Nous avons trouv\u00e9 une solution qui simplifie plus que jamais l\u2019application pour iPhone et Android. Les propri\u00e9taires de stations de radio seront satisfaits du processus en trois \u00e9tapes de la cr\u00e9ation de l&rsquo;application. Chaque station de radio a besoin d&rsquo;une application mobile [&hellip;]\" \/>\n<meta property=\"og:url\" content=\"https:\/\/radiosolution.info\/wp\/fr\/application-mobile-radio\/\" \/>\n<meta property=\"og:site_name\" content=\"Votre radio internet\" \/>\n<meta property=\"article:modified_time\" content=\"2018-12-02T00:39:08+00:00\" \/>\n<meta property=\"og:image\" content=\"http:\/\/radiosolution.info\/wp\/fr\/wp-content\/uploads\/sites\/4\/2018\/12\/AdobeStock_75805560-300x227.jpeg\" \/>\n<meta name=\"twitter:label1\" content=\"Dur\u00e9e de lecture estim\u00e9e\" \/>\n\t<meta name=\"twitter:data1\" content=\"2 minutes\" \/>\n<script type=\"application\/ld+json\" class=\"yoast-schema-graph\">{\"@context\":\"https:\/\/schema.org\",\"@graph\":[{\"@type\":\"WebPage\",\"@id\":\"https:\/\/radiosolution.info\/wp\/fr\/application-mobile-radio\/\",\"url\":\"https:\/\/radiosolution.info\/wp\/fr\/application-mobile-radio\/\",\"name\":\"Application mobile radio - Votre radio internet\",\"isPartOf\":{\"@id\":\"http:\/\/radiosolution.info\/wp\/fr\/#website\"},\"primaryImageOfPage\":{\"@id\":\"https:\/\/radiosolution.info\/wp\/fr\/application-mobile-radio\/#primaryimage\"},\"image\":{\"@id\":\"https:\/\/radiosolution.info\/wp\/fr\/application-mobile-radio\/#primaryimage\"},\"thumbnailUrl\":\"http:\/\/radiosolution.info\/wp\/fr\/wp-content\/uploads\/sites\/4\/2018\/12\/AdobeStock_75805560-300x227.jpeg\",\"datePublished\":\"2018-12-02T00:06:08+00:00\",\"dateModified\":\"2018-12-02T00:39:08+00:00\",\"breadcrumb\":{\"@id\":\"https:\/\/radiosolution.info\/wp\/fr\/application-mobile-radio\/#breadcrumb\"},\"inLanguage\":\"fr-FR\",\"potentialAction\":[{\"@type\":\"ReadAction\",\"target\":[\"https:\/\/radiosolution.info\/wp\/fr\/application-mobile-radio\/\"]}]},{\"@type\":\"ImageObject\",\"inLanguage\":\"fr-FR\",\"@id\":\"https:\/\/radiosolution.info\/wp\/fr\/application-mobile-radio\/#primaryimage\",\"url\":\"https:\/\/radiosolution.info\/wp\/fr\/wp-content\/uploads\/sites\/4\/2018\/12\/AdobeStock_75805560.jpeg\",\"contentUrl\":\"https:\/\/radiosolution.info\/wp\/fr\/wp-content\/uploads\/sites\/4\/2018\/12\/AdobeStock_75805560.jpeg\",\"width\":3396,\"height\":2568,\"caption\":\"modern media concept: businessman holding a modern smartphone with radio app\"},{\"@type\":\"BreadcrumbList\",\"@id\":\"https:\/\/radiosolution.info\/wp\/fr\/application-mobile-radio\/#breadcrumb\",\"itemListElement\":[{\"@type\":\"ListItem\",\"position\":1,\"name\":\"Home\",\"item\":\"http:\/\/radiosolution.info\/wp\/fr\/\"},{\"@type\":\"ListItem\",\"position\":2,\"name\":\"Application mobile radio\"}]},{\"@type\":\"WebSite\",\"@id\":\"http:\/\/radiosolution.info\/wp\/fr\/#website\",\"url\":\"http:\/\/radiosolution.info\/wp\/fr\/\",\"name\":\"Votre radio internet\",\"description\":\"solutions pour les stations de radio en ligne, la musique et le streaming vid\u00e9o, la production audio, l&#039;h\u00e9bergement web et la conception de site web\",\"potentialAction\":[{\"@type\":\"SearchAction\",\"target\":{\"@type\":\"EntryPoint\",\"urlTemplate\":\"http:\/\/radiosolution.info\/wp\/fr\/?s={search_term_string}\"},\"query-input\":{\"@type\":\"PropertyValueSpecification\",\"valueRequired\":true,\"valueName\":\"search_term_string\"}}],\"inLanguage\":\"fr-FR\"}]}<\/script>\n<!-- \/ Yoast SEO plugin. -->","yoast_head_json":{"title":"Application mobile radio - Votre radio internet","robots":{"index":"index","follow":"follow","max-snippet":"max-snippet:-1","max-image-preview":"max-image-preview:large","max-video-preview":"max-video-preview:-1"},"canonical":"https:\/\/radiosolution.info\/wp\/fr\/application-mobile-radio\/","og_locale":"fr_FR","og_type":"article","og_title":"Application mobile radio - Votre radio internet","og_description":"Application Radio Radiosolution.info est fier d&rsquo;annoncer notre nouveau constructeur web d&rsquo;application mobile radio. Nous avons trouv\u00e9 une solution qui simplifie plus que jamais l\u2019application pour iPhone et Android. Les propri\u00e9taires de stations de radio seront satisfaits du processus en trois \u00e9tapes de la cr\u00e9ation de l&rsquo;application. Chaque station de radio a besoin d&rsquo;une application mobile [&hellip;]","og_url":"https:\/\/radiosolution.info\/wp\/fr\/application-mobile-radio\/","og_site_name":"Votre radio internet","article_modified_time":"2018-12-02T00:39:08+00:00","og_image":[{"url":"http:\/\/radiosolution.info\/wp\/fr\/wp-content\/uploads\/sites\/4\/2018\/12\/AdobeStock_75805560-300x227.jpeg","type":"","width":"","height":""}],"twitter_misc":{"Dur\u00e9e de lecture estim\u00e9e":"2 minutes"},"schema":{"@context":"https:\/\/schema.org","@graph":[{"@type":"WebPage","@id":"https:\/\/radiosolution.info\/wp\/fr\/application-mobile-radio\/","url":"https:\/\/radiosolution.info\/wp\/fr\/application-mobile-radio\/","name":"Application mobile radio - Votre radio internet","isPartOf":{"@id":"http:\/\/radiosolution.info\/wp\/fr\/#website"},"primaryImageOfPage":{"@id":"https:\/\/radiosolution.info\/wp\/fr\/application-mobile-radio\/#primaryimage"},"image":{"@id":"https:\/\/radiosolution.info\/wp\/fr\/application-mobile-radio\/#primaryimage"},"thumbnailUrl":"http:\/\/radiosolution.info\/wp\/fr\/wp-content\/uploads\/sites\/4\/2018\/12\/AdobeStock_75805560-300x227.jpeg","datePublished":"2018-12-02T00:06:08+00:00","dateModified":"2018-12-02T00:39:08+00:00","breadcrumb":{"@id":"https:\/\/radiosolution.info\/wp\/fr\/application-mobile-radio\/#breadcrumb"},"inLanguage":"fr-FR","potentialAction":[{"@type":"ReadAction","target":["https:\/\/radiosolution.info\/wp\/fr\/application-mobile-radio\/"]}]},{"@type":"ImageObject","inLanguage":"fr-FR","@id":"https:\/\/radiosolution.info\/wp\/fr\/application-mobile-radio\/#primaryimage","url":"https:\/\/radiosolution.info\/wp\/fr\/wp-content\/uploads\/sites\/4\/2018\/12\/AdobeStock_75805560.jpeg","contentUrl":"https:\/\/radiosolution.info\/wp\/fr\/wp-content\/uploads\/sites\/4\/2018\/12\/AdobeStock_75805560.jpeg","width":3396,"height":2568,"caption":"modern media concept: businessman holding a modern smartphone with radio app"},{"@type":"BreadcrumbList","@id":"https:\/\/radiosolution.info\/wp\/fr\/application-mobile-radio\/#breadcrumb","itemListElement":[{"@type":"ListItem","position":1,"name":"Home","item":"http:\/\/radiosolution.info\/wp\/fr\/"},{"@type":"ListItem","position":2,"name":"Application mobile radio"}]},{"@type":"WebSite","@id":"http:\/\/radiosolution.info\/wp\/fr\/#website","url":"http:\/\/radiosolution.info\/wp\/fr\/","name":"Votre radio internet","description":"solutions pour les stations de radio en ligne, la musique et le streaming vid\u00e9o, la production audio, l&#039;h\u00e9bergement web et la conception de site web","potentialAction":[{"@type":"SearchAction","target":{"@type":"EntryPoint","urlTemplate":"http:\/\/radiosolution.info\/wp\/fr\/?s={search_term_string}"},"query-input":{"@type":"PropertyValueSpecification","valueRequired":true,"valueName":"search_term_string"}}],"inLanguage":"fr-FR"}]}},"_links":{"self":[{"href":"https:\/\/radiosolution.info\/wp\/fr\/wp-json\/wp\/v2\/pages\/2569","targetHints":{"allow":["GET"]}}],"collection":[{"href":"https:\/\/radiosolution.info\/wp\/fr\/wp-json\/wp\/v2\/pages"}],"about":[{"href":"https:\/\/radiosolution.info\/wp\/fr\/wp-json\/wp\/v2\/types\/page"}],"author":[{"embeddable":true,"href":"https:\/\/radiosolution.info\/wp\/fr\/wp-json\/wp\/v2\/users\/2"}],"replies":[{"embeddable":true,"href":"https:\/\/radiosolution.info\/wp\/fr\/wp-json\/wp\/v2\/comments?post=2569"}],"version-history":[{"count":16,"href":"https:\/\/radiosolution.info\/wp\/fr\/wp-json\/wp\/v2\/pages\/2569\/revisions"}],"predecessor-version":[{"id":2587,"href":"https:\/\/radiosolution.info\/wp\/fr\/wp-json\/wp\/v2\/pages\/2569\/revisions\/2587"}],"wp:attachment":[{"href":"https:\/\/radiosolution.info\/wp\/fr\/wp-json\/wp\/v2\/media?parent=2569"}],"curies":[{"name":"wp","href":"https:\/\/api.w.org\/{rel}","templated":true}]}}