{"id":26,"date":"2012-04-26T21:14:01","date_gmt":"2012-04-26T21:14:01","guid":{"rendered":"http:\/\/radiosolution.info\/wp\/fr\/?page_id=26"},"modified":"2015-04-22T15:28:13","modified_gmt":"2015-04-22T15:28:13","slug":"a-propos","status":"publish","type":"page","link":"https:\/\/radiosolution.info\/wp\/fr\/a-propos\/","title":{"rendered":"\u00c0 PROPOS"},"content":{"rendered":"<p>S&rsquo;il vous pla\u00eet prenez un moment pour lire tout sur Radiosolution. Apprenez pourquoi Radiosolution est la compagnie qu&rsquo;il faut \u00e0 votre projet pour exceller.<\/p>\n<h4>NOTRE MISSION<\/h4>\n<p>Laissez notre staff aimable vous aider \u00e0 construire votre projet, comme une station de radio en ligne en utilisant nos technologies de vid\u00e9o et de streaming audio haut de gamme fiables. Nous voulons devenir votre partenaire pour tous vos besoins d&rsquo;h\u00e9bergement, ainsi que votre guichet unique pour les produits de radio telles que des intro pour dj et encore plus ! <\/p>\n<h4>\u00c0 PROPOS DE NOTRE COMPAGNIE<\/h4>\n<p>RadioSolution qui a commenc\u00e9 comme une soci\u00e9t\u00e9 d&rsquo;h\u00e9bergement Internet. Elle a \u00e9t\u00e9 fond\u00e9e en 1997 par Derek Bullard. Au cours des ann\u00e9es qui succ\u00e9da , nous avons d\u00e9cid\u00e9 de devenir plus unique qu&rsquo;une simple entreprise `d&rsquo;h\u00e9bergement &lsquo; vue que la concurrence a progress\u00e9 rapidement dans cette industrie. Nous avons commenc\u00e9 \u00e0 gagner beaucoup d&rsquo;expertise en streaming SHOUTcast et on a d\u00e9cid\u00e9 de se sp\u00e9cialiser dans l&rsquo;organisation de cette technologie. Aujourd&rsquo;hui, nous vous proposons de la musique Internet haut cran en streaming \u00e0 des milliers d&rsquo;auditeurs 24 heures par jour! Autrement dit; nous sommes fournisseur fiable de SHOUTcast.<\/p>\n<h4>TECHNOLOGIE<\/h4>\n<p>les Serveurs de Radiosolution sont h\u00e9berg\u00e9s au Canada, Etats-Unis et Allemagne dans des centres de donn\u00e9es s\u00e9curis\u00e9s \u00e9quip\u00e9s d&rsquo;un large \u00e9ventail d&rsquo;outils comme la s\u00e9curit\u00e9, la gestion de l&rsquo;alimentation, de refroidissement et de l&rsquo;acc\u00e8s au r\u00e9seau. Syst\u00e8mes de r\u00e9gulation de puissance, des g\u00e9n\u00e9rateurs diesel et les syst\u00e8mes de climatisation sont des aspects essentiels des installations. Toutes ces infrastructures sont totalement contr\u00f4l\u00e9s et g\u00e9r\u00e9s 365 jours par an, 7 jours par semaine, et 24 heures par jour par une \u00e9quipe d&rsquo;experts.<\/p>\n<p>Radiosolution utilise des logiciels de streaming SHOUTcast contr\u00f4l\u00e9, test\u00e9 et vrai. L&rsquo;interface conviviale vous permet de g\u00e9rer votre configuration radio , listes de lecture et Auto DJ. Nous travaillons en \u00e9troite collaboration avec les d\u00e9veloppeurs de ces applications en soumettant constamment des commentaires sur la fa\u00e7on d&rsquo;am\u00e9liorer leurs produits.<\/p>\n<h4>NOTRE \u00c9QUIPE<\/h4>\n<p>La satisfaction du client est au sommet de notre liste! Nous offrons un soutien en ligne 24 heures par jour, sept jours par semaine et 365 jours par ann\u00e9e. Notre personnel qualifi\u00e9 vous aidera sur n&rsquo;importe quel probl\u00e8me, les pr\u00e9occupations techniques ou commentaires que vous pourriez avoir. Une attention personnalis\u00e9e est importante et c&rsquo;est pourquoi nous voulons vous conna\u00eetre et en apprendre plus sur votre projet. Notre devise est: venez en tant que client, laisser comme ami!<\/p>\n<h4>Apprendre plus sur Radiosolution<\/h4>\n<p>Merci d&rsquo;en apprendre davantage sur Radiosolution. S&rsquo;il vous pla\u00eet n&rsquo;h\u00e9sitez pas \u00e0 nous contacter si vous avez des questions. Nous sommes heureux de vous fournir toutes les informations dont vous aurez besoin pour prendre des d\u00e9cisions r\u00e9ussies.<\/p>\n","protected":false},"excerpt":{"rendered":"<p>S&rsquo;il vous pla\u00eet prenez un moment pour lire tout sur Radiosolution. Apprenez pourquoi Radiosolution est la compagnie qu&rsquo;il faut \u00e0 votre projet pour exceller. NOTRE MISSION Laissez notre staff aimable vous aider \u00e0 construire votre projet, comme une station de radio en ligne en utilisant nos technologies de vid\u00e9o et de streaming audio haut de [&hellip;]<\/p>\n","protected":false},"author":2,"featured_media":0,"parent":0,"menu_order":4,"comment_status":"closed","ping_status":"closed","template":"","meta":{"_exactmetrics_skip_tracking":false,"_exactmetrics_sitenote_active":false,"_exactmetrics_sitenote_note":"","_exactmetrics_sitenote_category":0,"_monsterinsights_skip_tracking":false,"_monsterinsights_sitenote_active":false,"_monsterinsights_sitenote_note":"","_monsterinsights_sitenote_category":0,"footnotes":""},"class_list":["post-26","page","type-page","status-publish","hentry"],"yoast_head":"<!-- This site is optimized with the Yoast SEO plugin v25.4 - https:\/\/yoast.com\/wordpress\/plugins\/seo\/ -->\n<title>\u00c0 Propos<\/title>\n<meta name=\"description\" content=\"Renseignez-vous sur la radio internet\" \/>\n<meta name=\"robots\" content=\"index, follow, max-snippet:-1, max-image-preview:large, max-video-preview:-1\" \/>\n<link rel=\"canonical\" href=\"http:\/\/radiosolution.info\/wp\/fr\/a-propos\/\" \/>\n<meta property=\"og:locale\" content=\"fr_FR\" \/>\n<meta property=\"og:type\" content=\"article\" \/>\n<meta property=\"og:title\" content=\"\u00c0 Propos\" \/>\n<meta property=\"og:description\" content=\"Renseignez-vous sur la radio internet\" \/>\n<meta property=\"og:url\" content=\"http:\/\/radiosolution.info\/wp\/fr\/a-propos\/\" \/>\n<meta property=\"og:site_name\" content=\"Votre radio internet\" \/>\n<meta property=\"article:modified_time\" content=\"2015-04-22T15:28:13+00:00\" \/>\n<meta name=\"twitter:label1\" content=\"Dur\u00e9e de lecture estim\u00e9e\" \/>\n\t<meta name=\"twitter:data1\" content=\"2 minutes\" \/>\n<script type=\"application\/ld+json\" class=\"yoast-schema-graph\">{\"@context\":\"https:\/\/schema.org\",\"@graph\":[{\"@type\":\"WebPage\",\"@id\":\"http:\/\/radiosolution.info\/wp\/fr\/a-propos\/\",\"url\":\"http:\/\/radiosolution.info\/wp\/fr\/a-propos\/\",\"name\":\"\u00c0 Propos\",\"isPartOf\":{\"@id\":\"http:\/\/radiosolution.info\/wp\/fr\/#website\"},\"datePublished\":\"2012-04-26T21:14:01+00:00\",\"dateModified\":\"2015-04-22T15:28:13+00:00\",\"description\":\"Renseignez-vous sur la radio internet\",\"breadcrumb\":{\"@id\":\"http:\/\/radiosolution.info\/wp\/fr\/a-propos\/#breadcrumb\"},\"inLanguage\":\"fr-FR\",\"potentialAction\":[{\"@type\":\"ReadAction\",\"target\":[\"http:\/\/radiosolution.info\/wp\/fr\/a-propos\/\"]}]},{\"@type\":\"BreadcrumbList\",\"@id\":\"http:\/\/radiosolution.info\/wp\/fr\/a-propos\/#breadcrumb\",\"itemListElement\":[{\"@type\":\"ListItem\",\"position\":1,\"name\":\"Home\",\"item\":\"http:\/\/radiosolution.info\/wp\/fr\/\"},{\"@type\":\"ListItem\",\"position\":2,\"name\":\"\u00c0 PROPOS\"}]},{\"@type\":\"WebSite\",\"@id\":\"http:\/\/radiosolution.info\/wp\/fr\/#website\",\"url\":\"http:\/\/radiosolution.info\/wp\/fr\/\",\"name\":\"Votre radio internet\",\"description\":\"solutions pour les stations de radio en ligne, la musique et le streaming vid\u00e9o, la production audio, l&#039;h\u00e9bergement web et la conception de site web\",\"potentialAction\":[{\"@type\":\"SearchAction\",\"target\":{\"@type\":\"EntryPoint\",\"urlTemplate\":\"http:\/\/radiosolution.info\/wp\/fr\/?s={search_term_string}\"},\"query-input\":{\"@type\":\"PropertyValueSpecification\",\"valueRequired\":true,\"valueName\":\"search_term_string\"}}],\"inLanguage\":\"fr-FR\"}]}<\/script>\n<!-- \/ Yoast SEO plugin. -->","yoast_head_json":{"title":"\u00c0 Propos","description":"Renseignez-vous sur la radio internet","robots":{"index":"index","follow":"follow","max-snippet":"max-snippet:-1","max-image-preview":"max-image-preview:large","max-video-preview":"max-video-preview:-1"},"canonical":"http:\/\/radiosolution.info\/wp\/fr\/a-propos\/","og_locale":"fr_FR","og_type":"article","og_title":"\u00c0 Propos","og_description":"Renseignez-vous sur la radio internet","og_url":"http:\/\/radiosolution.info\/wp\/fr\/a-propos\/","og_site_name":"Votre radio internet","article_modified_time":"2015-04-22T15:28:13+00:00","twitter_misc":{"Dur\u00e9e de lecture estim\u00e9e":"2 minutes"},"schema":{"@context":"https:\/\/schema.org","@graph":[{"@type":"WebPage","@id":"http:\/\/radiosolution.info\/wp\/fr\/a-propos\/","url":"http:\/\/radiosolution.info\/wp\/fr\/a-propos\/","name":"\u00c0 Propos","isPartOf":{"@id":"http:\/\/radiosolution.info\/wp\/fr\/#website"},"datePublished":"2012-04-26T21:14:01+00:00","dateModified":"2015-04-22T15:28:13+00:00","description":"Renseignez-vous sur la radio internet","breadcrumb":{"@id":"http:\/\/radiosolution.info\/wp\/fr\/a-propos\/#breadcrumb"},"inLanguage":"fr-FR","potentialAction":[{"@type":"ReadAction","target":["http:\/\/radiosolution.info\/wp\/fr\/a-propos\/"]}]},{"@type":"BreadcrumbList","@id":"http:\/\/radiosolution.info\/wp\/fr\/a-propos\/#breadcrumb","itemListElement":[{"@type":"ListItem","position":1,"name":"Home","item":"http:\/\/radiosolution.info\/wp\/fr\/"},{"@type":"ListItem","position":2,"name":"\u00c0 PROPOS"}]},{"@type":"WebSite","@id":"http:\/\/radiosolution.info\/wp\/fr\/#website","url":"http:\/\/radiosolution.info\/wp\/fr\/","name":"Votre radio internet","description":"solutions pour les stations de radio en ligne, la musique et le streaming vid\u00e9o, la production audio, l&#039;h\u00e9bergement web et la conception de site web","potentialAction":[{"@type":"SearchAction","target":{"@type":"EntryPoint","urlTemplate":"http:\/\/radiosolution.info\/wp\/fr\/?s={search_term_string}"},"query-input":{"@type":"PropertyValueSpecification","valueRequired":true,"valueName":"search_term_string"}}],"inLanguage":"fr-FR"}]}},"_links":{"self":[{"href":"https:\/\/radiosolution.info\/wp\/fr\/wp-json\/wp\/v2\/pages\/26","targetHints":{"allow":["GET"]}}],"collection":[{"href":"https:\/\/radiosolution.info\/wp\/fr\/wp-json\/wp\/v2\/pages"}],"about":[{"href":"https:\/\/radiosolution.info\/wp\/fr\/wp-json\/wp\/v2\/types\/page"}],"author":[{"embeddable":true,"href":"https:\/\/radiosolution.info\/wp\/fr\/wp-json\/wp\/v2\/users\/2"}],"replies":[{"embeddable":true,"href":"https:\/\/radiosolution.info\/wp\/fr\/wp-json\/wp\/v2\/comments?post=26"}],"version-history":[{"count":4,"href":"https:\/\/radiosolution.info\/wp\/fr\/wp-json\/wp\/v2\/pages\/26\/revisions"}],"predecessor-version":[{"id":2502,"href":"https:\/\/radiosolution.info\/wp\/fr\/wp-json\/wp\/v2\/pages\/26\/revisions\/2502"}],"wp:attachment":[{"href":"https:\/\/radiosolution.info\/wp\/fr\/wp-json\/wp\/v2\/media?parent=26"}],"curies":[{"name":"wp","href":"https:\/\/api.w.org\/{rel}","templated":true}]}}