{"id":51,"date":"2012-04-27T17:13:30","date_gmt":"2012-04-27T17:13:30","guid":{"rendered":"http:\/\/radiosolution.info\/wp\/fr\/?page_id=51"},"modified":"2015-05-26T13:03:31","modified_gmt":"2015-05-26T13:03:31","slug":"tutoriels-video","status":"publish","type":"page","link":"https:\/\/radiosolution.info\/wp\/fr\/ressources\/tutoriels-video\/","title":{"rendered":"Tutoriels video"},"content":{"rendered":"<p>Nous vous offrons des tutoriels vid\u00e9o qui peuvent vous aider \u00e0 tirer le meilleur parti de votre exp\u00e9rience de la radiodiffusion et du mixage audio. S&rsquo;il vous pla\u00eet visitez cette page souvent ou inscrivez-vous \u00e0 notre newsletter pour avoir des Conseils, astuces et tutoriels!<br \/>\nPour les tutoriels sur WordPress<br \/>\n<a href=\"http:\/\/radiosolution.info\/wp\/fr\/video-pour-wordpress\/\">Cliqu\u00e9 ici<\/a><\/p>\n<p>Pour les tutoriels sur WhmSonic<br \/>\n<a href=\"http:\/\/radiosolution.info\/wp\/fr\/video-whmsonic\/\">Cliqu\u00e9 ici<\/a><\/p>\n<hr>\n<h3>R\u00e9glages de compresseur avec Tomass Limiter<\/h3>\n<p>Une vid\u00e9o pour ceux qui veulent devenir vraiment expert dans le rendu audio final. Cela vous donnera un son qui est proche d&rsquo;un Optimod Orban 8100A . Le son est de la vieille \u00e9cole et sa fonctionne mieux pour la musique des ann\u00e9es 60, 70 et 80.<\/p>\n<p><iframe loading=\"lazy\" width=\"600\" height=\"338\" src=\"http:\/\/www.youtube.com\/embed\/zw6YrGDBA1Y?feature=player_embedded\" frameborder=\"0\" allowfullscreen><\/iframe><\/p>\n<hr>\n<h3>Ajouter un nouveau encodeur pour Sams Broadcaster<\/h3>\n<p>C&rsquo;est un tutoriel tr\u00e8s simple et court sur la fa\u00e7on d&rsquo;ajouter un encodeur dans SAM Broadcaster lorsque vous diffusez en utilisant les services de radiosolution.info<\/p>\n<p><iframe loading=\"lazy\" width=\"600\" height=\"338\" src=\"http:\/\/www.youtube.com\/embed\/HBdAEpzz1Wg?feature=player_embedded\" frameborder=\"0\" allowfullscreen><\/iframe><\/p>\n<hr>\n<h3>Transfert de fichiers avec FTP Core <\/h3>\n<p>Cette vid\u00e9o vous explique comment transf\u00e9rer des fichiers sur votre compte en utilisant FTP Core <\/p>\n<p><iframe loading=\"lazy\" width=\"600\" height=\"338\" src=\"http:\/\/www.youtube.com\/embed\/y0unqNftHJU\" frameborder=\"0\" allowfullscreen><\/iframe><\/p>\n<hr>\n<h3>Mise \u00e0 jour Auto DJ<\/h3>\n<p>Cette vid\u00e9o explique comment t\u00e9l\u00e9charger des chansons et recharger une playlist pour votre WHMSonic Auto DJ utilisant soit un compte interne ou externe. Nous utilisons FTP Core  et le Gestionnaire de fichiers dans cPanel pour cette d\u00e9monstration.<\/p>\n<p><iframe loading=\"lazy\" width=\"600\" height=\"338\" src=\"http:\/\/www.youtube.com\/embed\/pdn4tIXP43g?feature=player_embedded\" frameborder=\"0\" allowfullscreen><\/iframe><\/p>\n<hr>\n<h2>Plus de didacticiels vid\u00e9o \u00e0 venir<\/h2>\n<p>Notre <a href=\"http:\/\/Radiosolution.info\/clients\/knowledgebase.php\" target=\"_parent\">base de connaissances<\/a> est sans cesse croissante gr\u00e2ce \u00e0 notre travailleuse et \u00e9tonnante communaut\u00e9. Nous vous encourageons \u00e0<http:\/\/Radiosolution.info\/clients\/submitticket.php>poser<\/a> vos questions<\/a> et de partager vos connaissances et vos trucs et astuces avec nous! <\/p>\n","protected":false},"excerpt":{"rendered":"<p>Nous vous offrons des tutoriels vid\u00e9o qui peuvent vous aider \u00e0 tirer le meilleur parti de votre exp\u00e9rience de la radiodiffusion et du mixage audio. S&rsquo;il vous pla\u00eet visitez cette page souvent ou inscrivez-vous \u00e0 notre newsletter pour avoir des Conseils, astuces et tutoriels! Pour les tutoriels sur WordPress Cliqu\u00e9 ici Pour les tutoriels sur [&hellip;]<\/p>\n","protected":false},"author":2,"featured_media":0,"parent":49,"menu_order":1,"comment_status":"closed","ping_status":"closed","template":"","meta":{"_exactmetrics_skip_tracking":false,"_exactmetrics_sitenote_active":false,"_exactmetrics_sitenote_note":"","_exactmetrics_sitenote_category":0,"_monsterinsights_skip_tracking":false,"_monsterinsights_sitenote_active":false,"_monsterinsights_sitenote_note":"","_monsterinsights_sitenote_category":0,"footnotes":""},"class_list":["post-51","page","type-page","status-publish","hentry"],"yoast_head":"<!-- This site is optimized with the Yoast SEO plugin v25.4 - https:\/\/yoast.com\/wordpress\/plugins\/seo\/ -->\n<title>Tutoriels video pour station de radio<\/title>\n<meta name=\"description\" content=\"Tutoriels vid\u00e9o pour les stations de radio et DJ expliquant Tomass Limiteur, SAM Broadcaster, Core FTP, Auto DJ et plus\" \/>\n<meta name=\"robots\" content=\"index, follow, max-snippet:-1, max-image-preview:large, max-video-preview:-1\" \/>\n<link rel=\"canonical\" href=\"https:\/\/radiosolution.info\/wp\/fr\/ressources\/tutoriels-video\/\" \/>\n<meta property=\"og:locale\" content=\"fr_FR\" \/>\n<meta property=\"og:type\" content=\"article\" \/>\n<meta property=\"og:title\" content=\"Tutoriels video pour station de radio\" \/>\n<meta property=\"og:description\" content=\"Tutoriels vid\u00e9o pour les stations de radio et DJ expliquant Tomass Limiteur, SAM Broadcaster, Core FTP, Auto DJ et plus\" \/>\n<meta property=\"og:url\" content=\"https:\/\/radiosolution.info\/wp\/fr\/ressources\/tutoriels-video\/\" \/>\n<meta property=\"og:site_name\" content=\"Votre radio internet\" \/>\n<meta property=\"article:modified_time\" content=\"2015-05-26T13:03:31+00:00\" \/>\n<meta name=\"twitter:label1\" content=\"Dur\u00e9e de lecture estim\u00e9e\" \/>\n\t<meta name=\"twitter:data1\" content=\"1 minute\" \/>\n<script type=\"application\/ld+json\" class=\"yoast-schema-graph\">{\"@context\":\"https:\/\/schema.org\",\"@graph\":[{\"@type\":\"WebPage\",\"@id\":\"https:\/\/radiosolution.info\/wp\/fr\/ressources\/tutoriels-video\/\",\"url\":\"https:\/\/radiosolution.info\/wp\/fr\/ressources\/tutoriels-video\/\",\"name\":\"Tutoriels video pour station de radio\",\"isPartOf\":{\"@id\":\"http:\/\/radiosolution.info\/wp\/fr\/#website\"},\"datePublished\":\"2012-04-27T17:13:30+00:00\",\"dateModified\":\"2015-05-26T13:03:31+00:00\",\"description\":\"Tutoriels vid\u00e9o pour les stations de radio et DJ expliquant Tomass Limiteur, SAM Broadcaster, Core FTP, Auto DJ et plus\",\"breadcrumb\":{\"@id\":\"https:\/\/radiosolution.info\/wp\/fr\/ressources\/tutoriels-video\/#breadcrumb\"},\"inLanguage\":\"fr-FR\",\"potentialAction\":[{\"@type\":\"ReadAction\",\"target\":[\"https:\/\/radiosolution.info\/wp\/fr\/ressources\/tutoriels-video\/\"]}]},{\"@type\":\"BreadcrumbList\",\"@id\":\"https:\/\/radiosolution.info\/wp\/fr\/ressources\/tutoriels-video\/#breadcrumb\",\"itemListElement\":[{\"@type\":\"ListItem\",\"position\":1,\"name\":\"Home\",\"item\":\"http:\/\/radiosolution.info\/wp\/fr\/\"},{\"@type\":\"ListItem\",\"position\":2,\"name\":\"Ressources\",\"item\":\"https:\/\/radiosolution.info\/wp\/fr\/ressources\/\"},{\"@type\":\"ListItem\",\"position\":3,\"name\":\"Tutoriels video\"}]},{\"@type\":\"WebSite\",\"@id\":\"http:\/\/radiosolution.info\/wp\/fr\/#website\",\"url\":\"http:\/\/radiosolution.info\/wp\/fr\/\",\"name\":\"Votre radio internet\",\"description\":\"solutions pour les stations de radio en ligne, la musique et le streaming vid\u00e9o, la production audio, l&#039;h\u00e9bergement web et la conception de site web\",\"potentialAction\":[{\"@type\":\"SearchAction\",\"target\":{\"@type\":\"EntryPoint\",\"urlTemplate\":\"http:\/\/radiosolution.info\/wp\/fr\/?s={search_term_string}\"},\"query-input\":{\"@type\":\"PropertyValueSpecification\",\"valueRequired\":true,\"valueName\":\"search_term_string\"}}],\"inLanguage\":\"fr-FR\"}]}<\/script>\n<!-- \/ Yoast SEO plugin. -->","yoast_head_json":{"title":"Tutoriels video pour station de radio","description":"Tutoriels vid\u00e9o pour les stations de radio et DJ expliquant Tomass Limiteur, SAM Broadcaster, Core FTP, Auto DJ et plus","robots":{"index":"index","follow":"follow","max-snippet":"max-snippet:-1","max-image-preview":"max-image-preview:large","max-video-preview":"max-video-preview:-1"},"canonical":"https:\/\/radiosolution.info\/wp\/fr\/ressources\/tutoriels-video\/","og_locale":"fr_FR","og_type":"article","og_title":"Tutoriels video pour station de radio","og_description":"Tutoriels vid\u00e9o pour les stations de radio et DJ expliquant Tomass Limiteur, SAM Broadcaster, Core FTP, Auto DJ et plus","og_url":"https:\/\/radiosolution.info\/wp\/fr\/ressources\/tutoriels-video\/","og_site_name":"Votre radio internet","article_modified_time":"2015-05-26T13:03:31+00:00","twitter_misc":{"Dur\u00e9e de lecture estim\u00e9e":"1 minute"},"schema":{"@context":"https:\/\/schema.org","@graph":[{"@type":"WebPage","@id":"https:\/\/radiosolution.info\/wp\/fr\/ressources\/tutoriels-video\/","url":"https:\/\/radiosolution.info\/wp\/fr\/ressources\/tutoriels-video\/","name":"Tutoriels video pour station de radio","isPartOf":{"@id":"http:\/\/radiosolution.info\/wp\/fr\/#website"},"datePublished":"2012-04-27T17:13:30+00:00","dateModified":"2015-05-26T13:03:31+00:00","description":"Tutoriels vid\u00e9o pour les stations de radio et DJ expliquant Tomass Limiteur, SAM Broadcaster, Core FTP, Auto DJ et plus","breadcrumb":{"@id":"https:\/\/radiosolution.info\/wp\/fr\/ressources\/tutoriels-video\/#breadcrumb"},"inLanguage":"fr-FR","potentialAction":[{"@type":"ReadAction","target":["https:\/\/radiosolution.info\/wp\/fr\/ressources\/tutoriels-video\/"]}]},{"@type":"BreadcrumbList","@id":"https:\/\/radiosolution.info\/wp\/fr\/ressources\/tutoriels-video\/#breadcrumb","itemListElement":[{"@type":"ListItem","position":1,"name":"Home","item":"http:\/\/radiosolution.info\/wp\/fr\/"},{"@type":"ListItem","position":2,"name":"Ressources","item":"https:\/\/radiosolution.info\/wp\/fr\/ressources\/"},{"@type":"ListItem","position":3,"name":"Tutoriels video"}]},{"@type":"WebSite","@id":"http:\/\/radiosolution.info\/wp\/fr\/#website","url":"http:\/\/radiosolution.info\/wp\/fr\/","name":"Votre radio internet","description":"solutions pour les stations de radio en ligne, la musique et le streaming vid\u00e9o, la production audio, l&#039;h\u00e9bergement web et la conception de site web","potentialAction":[{"@type":"SearchAction","target":{"@type":"EntryPoint","urlTemplate":"http:\/\/radiosolution.info\/wp\/fr\/?s={search_term_string}"},"query-input":{"@type":"PropertyValueSpecification","valueRequired":true,"valueName":"search_term_string"}}],"inLanguage":"fr-FR"}]}},"_links":{"self":[{"href":"https:\/\/radiosolution.info\/wp\/fr\/wp-json\/wp\/v2\/pages\/51","targetHints":{"allow":["GET"]}}],"collection":[{"href":"https:\/\/radiosolution.info\/wp\/fr\/wp-json\/wp\/v2\/pages"}],"about":[{"href":"https:\/\/radiosolution.info\/wp\/fr\/wp-json\/wp\/v2\/types\/page"}],"author":[{"embeddable":true,"href":"https:\/\/radiosolution.info\/wp\/fr\/wp-json\/wp\/v2\/users\/2"}],"replies":[{"embeddable":true,"href":"https:\/\/radiosolution.info\/wp\/fr\/wp-json\/wp\/v2\/comments?post=51"}],"version-history":[{"count":31,"href":"https:\/\/radiosolution.info\/wp\/fr\/wp-json\/wp\/v2\/pages\/51\/revisions"}],"predecessor-version":[{"id":2541,"href":"https:\/\/radiosolution.info\/wp\/fr\/wp-json\/wp\/v2\/pages\/51\/revisions\/2541"}],"up":[{"embeddable":true,"href":"https:\/\/radiosolution.info\/wp\/fr\/wp-json\/wp\/v2\/pages\/49"}],"wp:attachment":[{"href":"https:\/\/radiosolution.info\/wp\/fr\/wp-json\/wp\/v2\/media?parent=51"}],"curies":[{"name":"wp","href":"https:\/\/api.w.org\/{rel}","templated":true}]}}