{"id":65,"date":"2012-06-04T16:36:16","date_gmt":"2012-06-04T16:36:16","guid":{"rendered":"http:\/\/radiosolution.info\/wp\/fr\/?page_id=65"},"modified":"2018-12-01T22:01:57","modified_gmt":"2018-12-01T22:01:57","slug":"home","status":"publish","type":"page","link":"https:\/\/radiosolution.info\/wp\/fr\/","title":{"rendered":"HOME"},"content":{"rendered":"<h2>Commencez une station de radio en ligne<\/h2>\n<p>la premi\u00e8re \u00e9tape est de savoir si votre nom de domaine (.com, .net, .info, .ca, etc.) est disponible ici:<br \/>\nPour transf\u00e9rer un domaines .com existants, il est de seulement $ 10.99 US $ pour 1 an<\/p>\n<div id='domain-form'>\r\n\t<div id='wdc-style' >\r\n\t\t<form method='post' action='.\/' id='form' class='pure-form'> \r\n\t\t\t<input type='hidden' name='item_id' value=''>\r\n\t\t\t<input type='hidden' name='tld' value=''>\r\n\t\t\t<div class='input-group large' style='max-width:900px;'>\r\n     \t\t\t<input type='text' class='form-control' autocomplete='off' id='Search' name='domain' placeholder=''>\r\n      \t\t\t\t<span class='input-group-btn'>\r\n\t\t\t\t\t<button type='submit' id='Submit' class='btn btn-default btn-info'>Check<\/button>\r\n     \t \t\t\t<\/span>\r\n    \t\t<\/div>\r\n\t\t\r\n\t\t<div id='loading'><img src='https:\/\/radiosolution.info\/wp\/fr\/wp-content\/plugins\/wp-domain-checker-1\/images\/load.gif'><\/img><\/div>\r\n\t<\/form>\r\n<div style='max-width:900px;'>\r\n\t\t<div id='results' class='result large'><\/div>\r\n<\/div>\r\n\t<\/div>\r\n<\/div>\n<div class=\"colomn2\" style=\"text-align: justify;\">\n<h2>Lancer une station de radio sur Internet<\/h2>\n<p>Quoique vous avez besoin pour d\u00e9marrer une station de radio Internet , nous livrons ! Nous fournissons des services de haute qualit\u00e9 de la radio sur Internet pour faire de votre projet musical un succ\u00e8s . Nous pouvons fournir des services aux amateurs et professionnels \u00e9tablis .<\/p>\n<p>Choisissez entre les forfaits de services sans tracas complets ou de nouvelles fonctionnalit\u00e9s \u00e0 ajouter pour d\u00e9buter avec une Station de Radio sur Internet . B\u00e9n\u00e9ficier d&rsquo;un service personnalis\u00e9 et de la derni\u00e8re technologie . Vous recevrez des services de Station de Radio sur internet professionnels , personnalis\u00e9s et mieux que vous avez re\u00e7u jusqu&rsquo;\u00e0 pr\u00e9sent .<\/p>\n<p>Prenez un moment pour parcourir le menu de ressources pour acqu\u00e9rir plus de connaissances sur la Radio Internet et d\u00e9couvrez comment RadioSolution peut aider \u00e0 d\u00e9marrer une Station de Radio sur Internet.<br \/>\n<img loading=\"lazy\" decoding=\"async\" class=\"alignnone wp-image-2565 size-medium\" src=\"http:\/\/radiosolution.info\/wp\/fr\/wp-content\/uploads\/sites\/4\/2018\/12\/shoutcastvsicecast-300x30.jpg\" alt=\"radiosolution shoutcast\" width=\"300\" height=\"30\" srcset=\"https:\/\/radiosolution.info\/wp\/fr\/wp-content\/uploads\/sites\/4\/2018\/12\/shoutcastvsicecast-300x30.jpg 300w, https:\/\/radiosolution.info\/wp\/fr\/wp-content\/uploads\/sites\/4\/2018\/12\/shoutcastvsicecast.jpg 600w\" sizes=\"auto, (max-width: 300px) 100vw, 300px\" \/>\n<\/div>\n<div class=\"colomn2\" style=\"text-align: justify;\">\n<h2 style=\"text-align: justify;\">Services de Station de Radio sur Internet<\/h2>\n<p style=\"text-align: justify;\">Lancez votre Station de Radio , num\u00e9rique, satellite ou encore AM \/ FM partout dans le monde avec tous les bons outils . Un sp\u00e9cialiste de la radiodiffusion est en attente pour vous aider \u00e0 d\u00e9marrer avec un pack d&rsquo;h\u00e9bergement SHOUTcast ou Icecast \u00a0. Nous avons des serveurs pr\u00eats pour le streaming fiable en Am\u00e9rique du Nord et en Europe. Nos forfaits d&rsquo;h\u00e9bergement disposent de toutes les fonctionnalit\u00e9s dont vous avez besoin pour rendre votre projet de la station de radio un succ\u00e8s . Si vous diffusez en direct ou avec Auto DJ , nous pouvons vous fournir la derni\u00e8re technologie Nuage bas\u00e9 sur le Web . Vous allez adorer la fa\u00e7on dont il est facile de g\u00e9rer Deejays en direct , t\u00e9l\u00e9charger de la musique fra\u00eeche et cr\u00e9er une programmation personnalis\u00e9e . Entrez en contact avec nous \u00e0 tout moment pour commencer une station de radio sur Internet . Nous ne pouvons pas attendre pour vous rencontrer et en savoir plus sur votre projet de station de radio.<\/p>\n<p><img loading=\"lazy\" decoding=\"async\" class=\"alignnone wp-image-2561\" src=\"http:\/\/radiosolution.info\/wp\/fr\/wp-content\/uploads\/sites\/4\/2018\/12\/whmcentovaairtime1-300x30.jpg\" alt=\"radiosolution partenaires\" width=\"310\" height=\"31\" srcset=\"https:\/\/radiosolution.info\/wp\/fr\/wp-content\/uploads\/sites\/4\/2018\/12\/whmcentovaairtime1-300x30.jpg 300w, https:\/\/radiosolution.info\/wp\/fr\/wp-content\/uploads\/sites\/4\/2018\/12\/whmcentovaairtime1.jpg 600w\" sizes=\"auto, (max-width: 310px) 100vw, 310px\" \/><\/p>\n<p><noscript>&amp;amp;amp;amp;amp;amp;amp;lt;A HREF=\u00a0\u00bbhttp:\/\/ws.amazon.com\/widgets\/q?ServiceVersion=20070822&amp;amp;amp;amp;amp;amp;amp;amp;#038;MarketPlace=US&amp;amp;amp;amp;amp;amp;amp;amp;#038;ID=V20070822%2FUS%2Fxltrax-20%2F8010%2F1cfc2dfd-2701-4fdd-b078-a247f7f6519f&amp;amp;amp;amp;amp;amp;amp;amp;#038;Operation=NoScript\u00a0\u00bb&amp;amp;amp;amp;amp;amp;amp;gt;Amazon.com Widgets&amp;amp;amp;amp;amp;amp;amp;lt;\/A&amp;amp;amp;amp;amp;amp;amp;gt;<\/noscript><\/p>\n<\/div>\n<p>&nbsp;<\/p>\n<p>&nbsp;<\/p>\n<div align=\"center\"><img decoding=\"async\" src=\"http:\/\/media.spacial.com\/images\/affiliate\/pack1\/SAMBC\/leaderboard.jpg\" alt=\"Spacial - SAM Broadcaster\" border=\"0\" \/><br \/>\n<!--- Spacial_Partner_Link_END --><\/div>\n","protected":false},"excerpt":{"rendered":"<p>Commencez une station de radio en ligne la premi\u00e8re \u00e9tape est de savoir si votre nom de domaine (.com, .net, .info, .ca, etc.) est disponible ici: Pour transf\u00e9rer un domaines .com existants, il est de seulement $ 10.99 US $ pour 1 an Lancer une station de radio sur Internet Quoique vous avez besoin pour [&hellip;]<\/p>\n","protected":false},"author":2,"featured_media":0,"parent":0,"menu_order":0,"comment_status":"closed","ping_status":"closed","template":"","meta":{"_exactmetrics_skip_tracking":false,"_exactmetrics_sitenote_active":false,"_exactmetrics_sitenote_note":"","_exactmetrics_sitenote_category":0,"_monsterinsights_skip_tracking":false,"_monsterinsights_sitenote_active":false,"_monsterinsights_sitenote_note":"","_monsterinsights_sitenote_category":0,"footnotes":""},"class_list":["post-65","page","type-page","status-publish","hentry"],"yoast_head":"<!-- This site is optimized with the Yoast SEO plugin v25.4 - https:\/\/yoast.com\/wordpress\/plugins\/seo\/ -->\n<title>Lancer une station de radio Internet avec Radio Solution<\/title>\n<meta name=\"description\" content=\"Quoique vous avez besoin pour d\u00e9marrer une station de radio Internet.Nous fournissons des services de haute qualit\u00e9 de la radio sur Internet.\" \/>\n<meta name=\"robots\" content=\"index, follow, max-snippet:-1, max-image-preview:large, max-video-preview:-1\" \/>\n<link rel=\"canonical\" href=\"http:\/\/radiosolution.info\/wp\/fr\/\" \/>\n<meta property=\"og:locale\" content=\"fr_FR\" \/>\n<meta property=\"og:type\" content=\"article\" \/>\n<meta property=\"og:title\" content=\"Lancer une station de radio Internet avec Radio Solution\" \/>\n<meta property=\"og:description\" content=\"Quoique vous avez besoin pour d\u00e9marrer une station de radio Internet.Nous fournissons des services de haute qualit\u00e9 de la radio sur Internet.\" \/>\n<meta property=\"og:url\" content=\"http:\/\/radiosolution.info\/wp\/fr\/\" \/>\n<meta property=\"og:site_name\" content=\"Votre radio internet\" \/>\n<meta property=\"article:modified_time\" content=\"2018-12-01T22:01:57+00:00\" \/>\n<meta property=\"og:image\" content=\"http:\/\/radiosolution.info\/wp\/fr\/wp-content\/uploads\/sites\/4\/2012\/08\/shoutcast_logo.png\" \/>\n\t<meta property=\"og:image:width\" content=\"237\" \/>\n\t<meta property=\"og:image:height\" content=\"54\" \/>\n\t<meta property=\"og:image:type\" content=\"image\/png\" \/>\n<meta name=\"twitter:label1\" content=\"Dur\u00e9e de lecture estim\u00e9e\" \/>\n\t<meta name=\"twitter:data1\" content=\"2 minutes\" \/>\n<script type=\"application\/ld+json\" class=\"yoast-schema-graph\">{\"@context\":\"https:\/\/schema.org\",\"@graph\":[{\"@type\":\"WebPage\",\"@id\":\"http:\/\/radiosolution.info\/wp\/fr\/\",\"url\":\"http:\/\/radiosolution.info\/wp\/fr\/\",\"name\":\"Lancer une station de radio Internet avec Radio Solution\",\"isPartOf\":{\"@id\":\"http:\/\/radiosolution.info\/wp\/fr\/#website\"},\"primaryImageOfPage\":{\"@id\":\"http:\/\/radiosolution.info\/wp\/fr\/#primaryimage\"},\"image\":{\"@id\":\"http:\/\/radiosolution.info\/wp\/fr\/#primaryimage\"},\"thumbnailUrl\":\"http:\/\/radiosolution.info\/wp\/fr\/wp-content\/uploads\/sites\/4\/2018\/12\/shoutcastvsicecast-300x30.jpg\",\"datePublished\":\"2012-06-04T16:36:16+00:00\",\"dateModified\":\"2018-12-01T22:01:57+00:00\",\"description\":\"Quoique vous avez besoin pour d\u00e9marrer une station de radio Internet.Nous fournissons des services de haute qualit\u00e9 de la radio sur Internet.\",\"breadcrumb\":{\"@id\":\"http:\/\/radiosolution.info\/wp\/fr\/#breadcrumb\"},\"inLanguage\":\"fr-FR\",\"potentialAction\":[{\"@type\":\"ReadAction\",\"target\":[\"http:\/\/radiosolution.info\/wp\/fr\/\"]}]},{\"@type\":\"ImageObject\",\"inLanguage\":\"fr-FR\",\"@id\":\"http:\/\/radiosolution.info\/wp\/fr\/#primaryimage\",\"url\":\"https:\/\/radiosolution.info\/wp\/fr\/wp-content\/uploads\/sites\/4\/2018\/12\/shoutcastvsicecast.jpg\",\"contentUrl\":\"https:\/\/radiosolution.info\/wp\/fr\/wp-content\/uploads\/sites\/4\/2018\/12\/shoutcastvsicecast.jpg\",\"width\":600,\"height\":60,\"caption\":\"radiosolution shoutcast\"},{\"@type\":\"BreadcrumbList\",\"@id\":\"http:\/\/radiosolution.info\/wp\/fr\/#breadcrumb\",\"itemListElement\":[{\"@type\":\"ListItem\",\"position\":1,\"name\":\"Home\",\"item\":\"http:\/\/radiosolution.info\/wp\/fr\/\"},{\"@type\":\"ListItem\",\"position\":2,\"name\":\"HOME\"}]},{\"@type\":\"WebSite\",\"@id\":\"http:\/\/radiosolution.info\/wp\/fr\/#website\",\"url\":\"http:\/\/radiosolution.info\/wp\/fr\/\",\"name\":\"Votre radio internet\",\"description\":\"solutions pour les stations de radio en ligne, la musique et le streaming vid\u00e9o, la production audio, l&#039;h\u00e9bergement web et la conception de site web\",\"potentialAction\":[{\"@type\":\"SearchAction\",\"target\":{\"@type\":\"EntryPoint\",\"urlTemplate\":\"http:\/\/radiosolution.info\/wp\/fr\/?s={search_term_string}\"},\"query-input\":{\"@type\":\"PropertyValueSpecification\",\"valueRequired\":true,\"valueName\":\"search_term_string\"}}],\"inLanguage\":\"fr-FR\"}]}<\/script>\n<!-- \/ Yoast SEO plugin. -->","yoast_head_json":{"title":"Lancer une station de radio Internet avec Radio Solution","description":"Quoique vous avez besoin pour d\u00e9marrer une station de radio Internet.Nous fournissons des services de haute qualit\u00e9 de la radio sur Internet.","robots":{"index":"index","follow":"follow","max-snippet":"max-snippet:-1","max-image-preview":"max-image-preview:large","max-video-preview":"max-video-preview:-1"},"canonical":"http:\/\/radiosolution.info\/wp\/fr\/","og_locale":"fr_FR","og_type":"article","og_title":"Lancer une station de radio Internet avec Radio Solution","og_description":"Quoique vous avez besoin pour d\u00e9marrer une station de radio Internet.Nous fournissons des services de haute qualit\u00e9 de la radio sur Internet.","og_url":"http:\/\/radiosolution.info\/wp\/fr\/","og_site_name":"Votre radio internet","article_modified_time":"2018-12-01T22:01:57+00:00","og_image":[{"width":237,"height":54,"url":"http:\/\/radiosolution.info\/wp\/fr\/wp-content\/uploads\/sites\/4\/2012\/08\/shoutcast_logo.png","type":"image\/png"}],"twitter_misc":{"Dur\u00e9e de lecture estim\u00e9e":"2 minutes"},"schema":{"@context":"https:\/\/schema.org","@graph":[{"@type":"WebPage","@id":"http:\/\/radiosolution.info\/wp\/fr\/","url":"http:\/\/radiosolution.info\/wp\/fr\/","name":"Lancer une station de radio Internet avec Radio Solution","isPartOf":{"@id":"http:\/\/radiosolution.info\/wp\/fr\/#website"},"primaryImageOfPage":{"@id":"http:\/\/radiosolution.info\/wp\/fr\/#primaryimage"},"image":{"@id":"http:\/\/radiosolution.info\/wp\/fr\/#primaryimage"},"thumbnailUrl":"http:\/\/radiosolution.info\/wp\/fr\/wp-content\/uploads\/sites\/4\/2018\/12\/shoutcastvsicecast-300x30.jpg","datePublished":"2012-06-04T16:36:16+00:00","dateModified":"2018-12-01T22:01:57+00:00","description":"Quoique vous avez besoin pour d\u00e9marrer une station de radio Internet.Nous fournissons des services de haute qualit\u00e9 de la radio sur Internet.","breadcrumb":{"@id":"http:\/\/radiosolution.info\/wp\/fr\/#breadcrumb"},"inLanguage":"fr-FR","potentialAction":[{"@type":"ReadAction","target":["http:\/\/radiosolution.info\/wp\/fr\/"]}]},{"@type":"ImageObject","inLanguage":"fr-FR","@id":"http:\/\/radiosolution.info\/wp\/fr\/#primaryimage","url":"https:\/\/radiosolution.info\/wp\/fr\/wp-content\/uploads\/sites\/4\/2018\/12\/shoutcastvsicecast.jpg","contentUrl":"https:\/\/radiosolution.info\/wp\/fr\/wp-content\/uploads\/sites\/4\/2018\/12\/shoutcastvsicecast.jpg","width":600,"height":60,"caption":"radiosolution shoutcast"},{"@type":"BreadcrumbList","@id":"http:\/\/radiosolution.info\/wp\/fr\/#breadcrumb","itemListElement":[{"@type":"ListItem","position":1,"name":"Home","item":"http:\/\/radiosolution.info\/wp\/fr\/"},{"@type":"ListItem","position":2,"name":"HOME"}]},{"@type":"WebSite","@id":"http:\/\/radiosolution.info\/wp\/fr\/#website","url":"http:\/\/radiosolution.info\/wp\/fr\/","name":"Votre radio internet","description":"solutions pour les stations de radio en ligne, la musique et le streaming vid\u00e9o, la production audio, l&#039;h\u00e9bergement web et la conception de site web","potentialAction":[{"@type":"SearchAction","target":{"@type":"EntryPoint","urlTemplate":"http:\/\/radiosolution.info\/wp\/fr\/?s={search_term_string}"},"query-input":{"@type":"PropertyValueSpecification","valueRequired":true,"valueName":"search_term_string"}}],"inLanguage":"fr-FR"}]}},"_links":{"self":[{"href":"https:\/\/radiosolution.info\/wp\/fr\/wp-json\/wp\/v2\/pages\/65","targetHints":{"allow":["GET"]}}],"collection":[{"href":"https:\/\/radiosolution.info\/wp\/fr\/wp-json\/wp\/v2\/pages"}],"about":[{"href":"https:\/\/radiosolution.info\/wp\/fr\/wp-json\/wp\/v2\/types\/page"}],"author":[{"embeddable":true,"href":"https:\/\/radiosolution.info\/wp\/fr\/wp-json\/wp\/v2\/users\/2"}],"replies":[{"embeddable":true,"href":"https:\/\/radiosolution.info\/wp\/fr\/wp-json\/wp\/v2\/comments?post=65"}],"version-history":[{"count":315,"href":"https:\/\/radiosolution.info\/wp\/fr\/wp-json\/wp\/v2\/pages\/65\/revisions"}],"predecessor-version":[{"id":2568,"href":"https:\/\/radiosolution.info\/wp\/fr\/wp-json\/wp\/v2\/pages\/65\/revisions\/2568"}],"wp:attachment":[{"href":"https:\/\/radiosolution.info\/wp\/fr\/wp-json\/wp\/v2\/media?parent=65"}],"curies":[{"name":"wp","href":"https:\/\/api.w.org\/{rel}","templated":true}]}}